{"id":7,"date":"2019-05-09T13:33:11","date_gmt":"2019-05-09T13:33:11","guid":{"rendered":"https:\/\/www.hartmann-its.zielwasser.design\/?page_id=7"},"modified":"2025-07-22T09:52:50","modified_gmt":"2025-07-22T07:52:50","slug":"kontakt","status":"publish","type":"page","link":"https:\/\/www.hartmann-its.zielwasser.design\/?page_id=7","title":{"rendered":"Kontakt"},"content":{"rendered":"<h1>Lasst uns gemeinsam etwas Gro\u00dfartiges schaffen.<\/h1>\n<div>\n<p>48.9968103,9.1109343<\/p>\n<h3>Hartmann ITS<\/h3>\n<div>\n<p>Friederike-Franck-Stra\u00dfe 15<br \/>74369 L\u00f6chgau<\/p>\n<\/div>\n<\/div>\n<ul>\n<li>\n<div>Friederike-Franck-Stra\u00dfe 15<\/div>\n<\/li>\n<li>\n<div>74369 L\u00f6chgau<\/div>\n<\/li>\n<\/ul>\n<ul>\n<li>\n<h3>Telefon<\/h3>\n<p><a href=\"tel:+4971434029550\"><\/p>\n<p>\u00a0(0 71 43) 40 29 55-0<\/p>\n<p><\/a><\/p>\n<\/li>\n<li>\n<h3>Fax<\/h3>\n<p><a href=\"tel:+5551234678\"> (0 71 43) 40 29 55-19<\/a><\/p>\n<\/li>\n<li>\n<h3>E-Mail<\/h3>\n<p>service@hartmann-its.de<\/p>\n<\/li>\n<\/ul>\n<p><p>\n        <a href=\"https:\/\/maps.app.goo.gl\/9Evfn3D5wpQXTtXD8\">Anfahrt mit Google Maps \u00a9 planen<\/a>\n    <\/p>\n<\/p>\n<h2>Unser Team k\u00fcmmert sich um Sie<\/h2>\n<div>\n<p>        <img decoding=\"async\" src=\"\/wp-content\/uploads\/2025\/07\/mh.jpg\" alt=\"\"><\/p>\n<div>Martin Hartmann<\/div>\n<p>Gesch\u00e4ftsf\u00fchrung &#038; Kundenservice<\/p>\n<\/div>\n<p><p>\n        <a href=\"tel:+4971434029550\">+4971434029550<\/a>\n    <\/p>\n<\/p>\n<hr>\n<div>\n<p>        <img decoding=\"async\" src=\"\/wp-content\/uploads\/2025\/07\/bs.jpg\" alt=\"\"><\/p>\n<div>Benjamin Slotta<\/div>\n<p>IT-Servicetechniker &#038; IT-Kundenservice<\/p>\n<\/div>\n<p><p>\n        <a href=\"tel:+4971434029550\">+4971434029550<\/a>\n    <\/p>\n<\/p>\n<hr>\n<div>\n<p>        <img decoding=\"async\" src=\"\/wp-content\/uploads\/2025\/07\/hartmann_its-favicon-480x480-yellow.svg\" alt=\"\"><\/p>\n<div>Felix Hartmann<\/div>\n<p>IT-Servicetechniker &#038; Kundenservice<\/p>\n<\/div>\n<p><p>\n        <a href=\"tel:+4971434029550\">+4971434029550<\/a>\n    <\/p>\n<\/p>\n<hr>\n<div>\n<p>        <img decoding=\"async\" src=\"\/wp-content\/uploads\/2025\/07\/br.jpg\" alt=\"\"><\/p>\n<div>Birgit Rittmaier<\/div>\n<p>Buchhaltung<\/p>\n<\/div>\n<p><p>\n        <a href=\"tel:+4971434029550\">+4971434029550<\/a>\n    <\/p>\n<\/p>\n<p><!--more--><br \/>\n<!-- {\"type\":\"layout\",\"children\":[{\"name\":\"Hero\",\"type\":\"section\",\"props\":{\"image_position\":\"center-center\",\"padding\":\"large\",\"style\":\"default\",\"title_breakpoint\":\"xl\",\"title_position\":\"top-left\",\"title_rotation\":\"left\",\"vertical_align\":\"\",\"width\":\"large\"},\"children\":[{\"type\":\"row\",\"children\":[{\"type\":\"column\",\"props\":{\"image_position\":\"center-center\",\"position_sticky_breakpoint\":\"m\",\"width_medium\":\"1-1\"},\"children\":[{\"type\":\"headline\",\"props\":{\"animation\":\"parallax\",\"content\":\"Lasst uns gemeinsam etwas Gro\\u00dfartiges schaffen.\",\"maxwidth\":\"2xlarge\",\"parallax_breakpoint\":\"m\",\"parallax_easing\":\"1\",\"parallax_y\":\"0,-50\",\"title_element\":\"h1\",\"title_style\":\"heading-medium\"}}]}]}]},{\"name\":\"Contact\",\"type\":\"section\",\"props\":{\"image_position\":\"center-center\",\"padding_remove_top\":true,\"style\":\"default\",\"title_breakpoint\":\"xl\",\"title_position\":\"top-left\",\"title_rotation\":\"left\",\"vertical_align\":\"\",\"width\":\"\"},\"children\":[{\"type\":\"row\",\"props\":{\"column_gap\":\"collapse\",\"layout\":\"2-3,1-3\",\"margin_remove_bottom\":true,\"row_gap\":\"collapse\"},\"children\":[{\"type\":\"column\",\"props\":{\"image_position\":\"center-center\",\"position_sticky_breakpoint\":\"m\",\"width_large\":\"2-3\"},\"children\":[{\"type\":\"map\",\"props\":{\"animation\":\"none\",\"controls\":false,\"dragging\":false,\"height\":\"750\",\"image_svg_color\":\"emphasis\",\"link_style\":\"default\",\"link_text\":\"Read more\",\"margin\":\"default\",\"max_zoom\":18,\"meta_align\":\"below-title\",\"meta_element\":\"div\",\"meta_style\":\"text-meta\",\"min_zoom\":0,\"parallax_end\":\"70vh + 70%\",\"parallax_y\":\"30,0\",\"poi\":false,\"show_content\":true,\"show_image\":true,\"show_link\":true,\"show_meta\":true,\"show_title\":true,\"styler_hue\":\"rgb(255, 255, 255)\",\"styler_lightness\":\"42\",\"title_element\":\"h3\",\"title_hover_style\":\"reset\",\"type\":\"roadmap\",\"zoom\":\"16\",\"zooming\":false},\"children\":[{\"type\":\"map_item\",\"props\":{\"content\":\"\n\n<p>Friederike-Franck-Stra\\u00dfe 15<br \\\/>74369 L\\u00f6chgau<\\\/p>\",\"hide\":false,\"location\":\"48.9968103,9.1109343\",\"marker_icon\":\"wp-content\\\/uploads\\\/2025\\\/07\\\/hartmann_its-favicon-480x480-yellow.svg\",\"marker_icon_width\":80,\"show_popup\":false,\"title\":\"Hartmann ITS\"}}]}]},{\"type\":\"column\",\"props\":{\"image_position\":\"center-center\",\"position_sticky_breakpoint\":\"m\",\"preserve_color\":false,\"style\":\"tile-secondary\",\"vertical_align\":\"middle\",\"width_large\":\"1-3\"},\"children\":[{\"type\":\"list\",\"props\":{\"animation\":\"parallax\",\"column_breakpoint\":\"m\",\"content_style\":\"heading-small\",\"image_align\":\"left\",\"image_svg_color\":\"emphasis\",\"image_vertical_align\":true,\"list_element\":\"ul\",\"list_horizontal_separator\":\", \",\"list_type\":\"vertical\",\"margin\":\"large\",\"parallax_breakpoint\":\"m\",\"parallax_easing\":\"1\",\"parallax_end\":\"70vh + 70%\",\"parallax_y\":\"30,0\",\"show_image\":true,\"show_link\":true,\"text_align\":\"left\"},\"children\":[{\"type\":\"list_item\",\"props\":{\"content\":\"Friederike-Franck-Stra\\u00dfe 15\"}},{\"type\":\"list_item\",\"props\":{\"content\":\"74369 L\\u00f6chgau\"}}]},{\"type\":\"description_list\",\"props\":{\"animation\":\"none\",\"column_breakpoint\":\"m\",\"content_style\":\"text-lead\",\"layout\":\"grid-2\",\"list_element\":\"ul\",\"meta_align\":\"below-content\",\"meta_style\":\"h4\",\"show_content\":true,\"show_link\":true,\"show_meta\":true,\"show_title\":true,\"title_colon\":false,\"title_color\":\"muted\",\"title_element\":\"div\",\"title_grid_column_gap\":\"\",\"title_grid_row_gap\":\"\",\"title_grid_width\":\"small\",\"title_leader\":true,\"title_style\":\"h4\"},\"children\":[{\"type\":\"description_list_item\",\"props\":{\"content\":\"\n\n<p>\\u00a0(0 71 43) 40 29 55-0<\\\/p>\",\"link\":\"tel:+4971434029550\",\"meta\":\"\",\"title\":\"Telefon\"}},{\"type\":\"description_list_item\",\"props\":{\"content\":\" (0 71 43) 40 29 55-19\",\"link\":\"tel:+5551234678\",\"meta\":\"\",\"title\":\"Fax\"}},{\"type\":\"description_list_item\",\"props\":{\"content\":\"\",\"link\":\"mailto:service@hartmann-its.de\",\"meta\":\"service@hartmann-its.de\",\"title\":\"E-Mail\"}}]}]}]},{\"type\":\"row\",\"props\":{\"margin_remove_top\":true},\"children\":[{\"type\":\"column\",\"props\":{\"image_position\":\"center-center\",\"position_sticky_breakpoint\":\"m\"},\"children\":[{\"type\":\"button\",\"props\":{\"button_size\":\"large\",\"fullwidth\":true,\"grid_column_gap\":\"small\",\"grid_row_gap\":\"small\",\"margin\":\"default\",\"margin_remove_top\":true},\"children\":[{\"type\":\"button_item\",\"props\":{\"button_style\":\"secondary\",\"content\":\"Anfahrt mit Google Maps \\u00a9 planen\",\"dialog_layout\":\"modal\",\"dialog_offcanvas_flip\":true,\"icon\":\"location\",\"icon_align\":\"left\",\"link\":\"https:\\\/\\\/maps.app.goo.gl\\\/9Evfn3D5wpQXTtXD8\",\"link_title\":\"Anfahrt mit Google Maps \\u00a9 planen\"}}],\"name\":\"Anfahrt mit Google Maps \\u00a9 planen\"}]}]}]},{\"name\":\"Team\",\"type\":\"section\",\"props\":{\"image_position\":\"center-center\",\"padding\":\"large\",\"style\":\"default\",\"title_breakpoint\":\"xl\",\"title_position\":\"top-left\",\"title_rotation\":\"left\",\"vertical_align\":\"\",\"width\":\"small\"},\"children\":[{\"type\":\"row\",\"props\":{\"margin\":\"xlarge\"},\"children\":[{\"type\":\"column\",\"props\":{\"image_position\":\"center-center\",\"position_sticky_breakpoint\":\"m\",\"width_medium\":\"1-1\"},\"children\":[{\"type\":\"headline\",\"props\":{\"animation\":\"parallax\",\"content\":\"Unser Team k\\u00fcmmert sich um Sie\",\"margin_remove_top\":true,\"parallax_easing\":\"1\",\"parallax_end\":\"70vh + 70%\",\"parallax_opacity\":\"0.3,1\",\"parallax_y\":\"30,0\",\"text_align\":\"center\",\"title_element\":\"h2\",\"title_style\":\"heading-small\"}}]}]},{\"type\":\"row\",\"props\":{\"column_gap\":\"small\",\"layout\":\"2-3,1-3\",\"row_gap\":\"small\"},\"children\":[{\"type\":\"column\",\"props\":{\"image_position\":\"center-center\",\"position_sticky_breakpoint\":\"m\",\"vertical_align\":\"middle\",\"width_small\":\"2-3\"},\"children\":[{\"type\":\"panel\",\"props\":{\"content_column_breakpoint\":\"m\",\"icon_width\":80,\"image\":\"wp-content\\\/uploads\\\/2025\\\/07\\\/mh.jpg\",\"image_align\":\"left\",\"image_border\":\"circle\",\"image_grid_breakpoint\":\"s\",\"image_grid_column_gap\":\"medium\",\"image_grid_row_gap\":\"medium\",\"image_grid_width\":\"auto\",\"image_svg_color\":\"emphasis\",\"image_width\":80,\"link_style\":\"default\",\"link_text\":\"Read more\",\"margin\":\"default\",\"meta\":\"Gesch\\u00e4ftsf\\u00fchrung & Kundenservice\",\"meta_align\":\"above-title\",\"meta_color\":\"primary\",\"meta_element\":\"h3\",\"meta_style\":\"h5\",\"text_align\":\"left\",\"text_align_breakpoint\":\"s\",\"text_align_fallback\":\"center\",\"title\":\"Martin Hartmann\",\"title_align\":\"top\",\"title_element\":\"div\",\"title_grid_breakpoint\":\"m\",\"title_grid_width\":\"1-2\",\"title_hover_style\":\"reset\",\"title_margin\":\"remove\",\"title_style\":\"h3\"}}]},{\"type\":\"column\",\"props\":{\"image_position\":\"center-center\",\"position_sticky_breakpoint\":\"m\",\"vertical_align\":\"middle\",\"width_small\":\"1-3\"},\"children\":[{\"type\":\"button\",\"props\":{\"grid_column_gap\":\"small\",\"grid_row_gap\":\"small\",\"margin\":\"default\",\"text_align\":\"right\",\"text_align_breakpoint\":\"s\",\"text_align_fallback\":\"center\"},\"children\":[{\"type\":\"button_item\",\"props\":{\"button_style\":\"text\",\"content\":\"+4971434029550\",\"dialog_layout\":\"modal\",\"dialog_offcanvas_flip\":true,\"icon_align\":\"left\",\"link\":\"tel:+4971434029550\"}}]}]}]},{\"type\":\"row\",\"props\":{\"margin\":\"medium\"},\"children\":[{\"type\":\"column\",\"props\":{\"image_position\":\"center-center\",\"position_sticky_breakpoint\":\"m\",\"width_medium\":\"1-1\"},\"children\":[{\"type\":\"divider\",\"props\":{\"divider_element\":\"hr\"}}]}]},{\"type\":\"row\",\"props\":{\"column_gap\":\"small\",\"layout\":\"2-3,1-3\",\"row_gap\":\"small\"},\"children\":[{\"type\":\"column\",\"props\":{\"image_position\":\"center-center\",\"position_sticky_breakpoint\":\"m\",\"vertical_align\":\"middle\",\"width_small\":\"2-3\"},\"children\":[{\"type\":\"panel\",\"props\":{\"content_column_breakpoint\":\"m\",\"icon_width\":80,\"image\":\"wp-content\\\/uploads\\\/2025\\\/07\\\/bs.jpg\",\"image_align\":\"left\",\"image_border\":\"circle\",\"image_grid_breakpoint\":\"s\",\"image_grid_column_gap\":\"medium\",\"image_grid_row_gap\":\"medium\",\"image_grid_width\":\"auto\",\"image_svg_color\":\"emphasis\",\"image_width\":80,\"link_style\":\"default\",\"link_text\":\"Read more\",\"margin\":\"default\",\"meta\":\"IT-Servicetechniker & IT-Kundenservice\",\"meta_align\":\"above-title\",\"meta_color\":\"primary\",\"meta_element\":\"h3\",\"meta_style\":\"h5\",\"text_align\":\"left\",\"text_align_breakpoint\":\"s\",\"text_align_fallback\":\"center\",\"title\":\"Benjamin Slotta\",\"title_align\":\"top\",\"title_element\":\"div\",\"title_grid_breakpoint\":\"m\",\"title_grid_width\":\"1-2\",\"title_hover_style\":\"reset\",\"title_margin\":\"remove\",\"title_style\":\"h3\"}}]},{\"type\":\"column\",\"props\":{\"image_position\":\"center-center\",\"position_sticky_breakpoint\":\"m\",\"vertical_align\":\"middle\",\"width_small\":\"1-3\"},\"children\":[{\"type\":\"button\",\"props\":{\"grid_column_gap\":\"small\",\"grid_row_gap\":\"small\",\"margin\":\"default\",\"text_align\":\"right\",\"text_align_breakpoint\":\"s\",\"text_align_fallback\":\"center\"},\"children\":[{\"type\":\"button_item\",\"props\":{\"button_style\":\"text\",\"content\":\"+4971434029550\",\"dialog_layout\":\"modal\",\"dialog_offcanvas_flip\":true,\"icon_align\":\"left\",\"link\":\"tel:+4971434029550\"}}]}]}]},{\"type\":\"row\",\"props\":{\"margin\":\"medium\"},\"children\":[{\"type\":\"column\",\"props\":{\"image_position\":\"center-center\",\"position_sticky_breakpoint\":\"m\",\"width_medium\":\"1-1\"},\"children\":[{\"type\":\"divider\",\"props\":{\"divider_element\":\"hr\"}}]}]},{\"type\":\"row\",\"props\":{\"column_gap\":\"small\",\"layout\":\"2-3,1-3\",\"row_gap\":\"small\"},\"children\":[{\"type\":\"column\",\"props\":{\"image_position\":\"center-center\",\"position_sticky_breakpoint\":\"m\",\"vertical_align\":\"middle\",\"width_small\":\"2-3\"},\"children\":[{\"type\":\"panel\",\"props\":{\"content\":\"\",\"content_column_breakpoint\":\"m\",\"icon_width\":80,\"image\":\"wp-content\\\/uploads\\\/2025\\\/07\\\/hartmann_its-favicon-480x480-yellow.svg\",\"image_align\":\"left\",\"image_border\":\"circle\",\"image_grid_breakpoint\":\"s\",\"image_grid_column_gap\":\"medium\",\"image_grid_row_gap\":\"medium\",\"image_grid_width\":\"auto\",\"image_svg_color\":\"emphasis\",\"image_width\":80,\"link_style\":\"default\",\"link_text\":\"Read more\",\"margin\":\"default\",\"meta\":\"IT-Servicetechniker & Kundenservice\",\"meta_align\":\"above-title\",\"meta_color\":\"primary\",\"meta_element\":\"h3\",\"meta_style\":\"h5\",\"text_align\":\"left\",\"text_align_breakpoint\":\"s\",\"text_align_fallback\":\"center\",\"title\":\"Felix Hartmann\",\"title_align\":\"top\",\"title_element\":\"div\",\"title_grid_breakpoint\":\"m\",\"title_grid_width\":\"1-2\",\"title_hover_style\":\"reset\",\"title_margin\":\"remove\",\"title_style\":\"h3\"}}]},{\"type\":\"column\",\"props\":{\"image_position\":\"center-center\",\"position_sticky_breakpoint\":\"m\",\"vertical_align\":\"middle\",\"width_small\":\"1-3\"},\"children\":[{\"type\":\"button\",\"props\":{\"grid_column_gap\":\"small\",\"grid_row_gap\":\"small\",\"margin\":\"default\",\"text_align\":\"right\",\"text_align_breakpoint\":\"s\",\"text_align_fallback\":\"center\"},\"children\":[{\"type\":\"button_item\",\"props\":{\"button_style\":\"text\",\"content\":\"+4971434029550\",\"dialog_layout\":\"modal\",\"dialog_offcanvas_flip\":true,\"icon_align\":\"left\",\"link\":\"tel:+4971434029550\"}}]}]}]},{\"type\":\"row\",\"props\":{\"margin\":\"medium\"},\"children\":[{\"type\":\"column\",\"props\":{\"image_position\":\"center-center\",\"position_sticky_breakpoint\":\"m\",\"width_medium\":\"1-1\"},\"children\":[{\"type\":\"divider\",\"props\":{\"divider_element\":\"hr\"}}]}]},{\"type\":\"row\",\"props\":{\"column_gap\":\"small\",\"layout\":\"2-3,1-3\",\"row_gap\":\"small\"},\"children\":[{\"type\":\"column\",\"props\":{\"image_position\":\"center-center\",\"position_sticky_breakpoint\":\"m\",\"vertical_align\":\"middle\",\"width_small\":\"2-3\"},\"children\":[{\"type\":\"panel\",\"props\":{\"content_column_breakpoint\":\"m\",\"icon_width\":80,\"image\":\"wp-content\\\/uploads\\\/2025\\\/07\\\/br.jpg\",\"image_align\":\"left\",\"image_border\":\"circle\",\"image_grid_breakpoint\":\"s\",\"image_grid_column_gap\":\"medium\",\"image_grid_row_gap\":\"medium\",\"image_grid_width\":\"auto\",\"image_svg_color\":\"emphasis\",\"image_width\":80,\"link_style\":\"default\",\"link_text\":\"Read more\",\"margin\":\"default\",\"meta\":\"Buchhaltung\",\"meta_align\":\"above-title\",\"meta_color\":\"primary\",\"meta_element\":\"h3\",\"meta_style\":\"h5\",\"text_align\":\"left\",\"text_align_breakpoint\":\"s\",\"text_align_fallback\":\"center\",\"title\":\"Birgit Rittmaier\",\"title_align\":\"top\",\"title_element\":\"div\",\"title_grid_breakpoint\":\"m\",\"title_grid_width\":\"1-2\",\"title_hover_style\":\"reset\",\"title_margin\":\"remove\",\"title_style\":\"h3\"}}]},{\"type\":\"column\",\"props\":{\"image_position\":\"center-center\",\"position_sticky_breakpoint\":\"m\",\"vertical_align\":\"middle\",\"width_small\":\"1-3\"},\"children\":[{\"type\":\"button\",\"props\":{\"grid_column_gap\":\"small\",\"grid_row_gap\":\"small\",\"margin\":\"default\",\"text_align\":\"right\",\"text_align_breakpoint\":\"s\",\"text_align_fallback\":\"center\"},\"children\":[{\"type\":\"button_item\",\"props\":{\"button_style\":\"text\",\"content\":\"+4971434029550\",\"dialog_layout\":\"modal\",\"dialog_offcanvas_flip\":true,\"icon_align\":\"left\",\"link\":\"tel:+4971434029550\"}}]}]}]}]}],\"version\":\"4.5.24\"} --><\/p>\n","protected":false},"excerpt":{"rendered":"<p>Lasst uns gemeinsam etwas Gro\u00dfartiges schaffen. 48.9968103,9.1109343 Hartmann ITS Friederike-Franck-Stra\u00dfe 1574369 L\u00f6chgau Friederike-Franck-Stra\u00dfe 15 74369 L\u00f6chgau Telefon \u00a0(0 71 43) 40 29 55-0 Fax (0 71 43) 40 29 55-19 E-Mail service@hartmann-its.de Anfahrt mit Google Maps \u00a9 planen Unser Team k\u00fcmmert sich um Sie Martin Hartmann Gesch\u00e4ftsf\u00fchrung &#038; Kundenservice +4971434029550 Benjamin Slotta IT-Servicetechniker &#038; IT-Kundenservice [&hellip;]<\/p>\n","protected":false},"author":1,"featured_media":0,"parent":0,"menu_order":5,"comment_status":"closed","ping_status":"closed","template":"","meta":{"_acf_changed":false,"footnotes":""},"class_list":["post-7","page","type-page","status-publish","hentry"],"acf":[],"_links":{"self":[{"href":"https:\/\/www.hartmann-its.zielwasser.design\/index.php?rest_route=\/wp\/v2\/pages\/7","targetHints":{"allow":["GET"]}}],"collection":[{"href":"https:\/\/www.hartmann-its.zielwasser.design\/index.php?rest_route=\/wp\/v2\/pages"}],"about":[{"href":"https:\/\/www.hartmann-its.zielwasser.design\/index.php?rest_route=\/wp\/v2\/types\/page"}],"author":[{"embeddable":true,"href":"https:\/\/www.hartmann-its.zielwasser.design\/index.php?rest_route=\/wp\/v2\/users\/1"}],"replies":[{"embeddable":true,"href":"https:\/\/www.hartmann-its.zielwasser.design\/index.php?rest_route=%2Fwp%2Fv2%2Fcomments&post=7"}],"version-history":[{"count":26,"href":"https:\/\/www.hartmann-its.zielwasser.design\/index.php?rest_route=\/wp\/v2\/pages\/7\/revisions"}],"predecessor-version":[{"id":2613,"href":"https:\/\/www.hartmann-its.zielwasser.design\/index.php?rest_route=\/wp\/v2\/pages\/7\/revisions\/2613"}],"wp:attachment":[{"href":"https:\/\/www.hartmann-its.zielwasser.design\/index.php?rest_route=%2Fwp%2Fv2%2Fmedia&parent=7"}],"curies":[{"name":"wp","href":"https:\/\/api.w.org\/{rel}","templated":true}]}}