{"id":2,"date":"2019-05-09T13:33:15","date_gmt":"2019-05-09T13:33:15","guid":{"rendered":"https:\/\/www.hartmann-its.zielwasser.design\/?page_id=2"},"modified":"2025-07-21T12:22:48","modified_gmt":"2025-07-21T10:22:48","slug":"services","status":"publish","type":"page","link":"https:\/\/www.hartmann-its.zielwasser.design\/?page_id=2","title":{"rendered":"Services"},"content":{"rendered":"<h1>Unsere Dienstleistungen lassen <br class=\"uk-visible@s\" \/>nichts zu w\u00fcnschen \u00fcbrig.<\/h1>\n<h1>Unsere Dienstleistungen lassen <br class=\"uk-visible@s\" \/>nichts zu w\u00fcnschen \u00fcbrig.<\/h1>\n<h3>Services<\/h3>\n<ul>\n<li>\n<p>        <img decoding=\"async\" src=\"\/wp-content\/uploads\/photo-1584949091882-158ebf933cda-scaled.jpg\" alt=\"\"><\/p>\n<h4>Software<\/h4>\n<div>\n<p>Kaufm\u00e4nnische Software<br \/>CRM-\/CTI-Systeme<br \/>Security-L\u00f6sungen<br \/>Datensicherung<br \/>und Archivierung<\/p>\n<\/div>\n<p><a href=\"\/?page_id=9\">mehr &#8230;<\/a><\/p>\n<\/li>\n<li>\n<p>        <img decoding=\"async\" src=\"\/wp-content\/uploads\/photo-1604754742629-3e5728249d73-scaled.jpg\" alt=\"\"><\/p>\n<h4>Hardware<\/h4>\n<div>\n<p>Server und Storage<br \/>Netzwerke<br \/>PC und Notebooks<br \/>IT-Peripherie<br \/>drucken &#8211; scannen &#8211; kopieren<\/p>\n<\/div>\n<p><a href=\"\/?page_id=9\">mehr &#8230;<\/a><\/p>\n<\/li>\n<li>\n<p>        <img decoding=\"async\" src=\"\/wp-content\/uploads\/photo-1551739440-5dd934d3a94a-scaled.jpg\" alt=\"\"><\/p>\n<h4>IT-Service<\/h4>\n<div>\n<p>Beratung und Planung<br \/>Verkauf und Reparatur<br \/>Wartung und Service<br \/>24\/7-Service<\/p>\n<\/div>\n<p><a href=\"\/?page_id=9\">mehr &#8230;<\/a><\/p>\n<\/li>\n<\/ul>\n<p><!--more--><br \/>\n<!-- {\"type\":\"layout\",\"children\":[{\"name\":\"Hero\",\"type\":\"section\",\"props\":{\"image_position\":\"center-center\",\"padding\":\"large\",\"style\":\"default\",\"title\":\"Services\",\"title_breakpoint\":\"l\",\"title_position\":\"top-right\",\"title_rotation\":\"left\",\"vertical_align\":\"\",\"width\":\"large\"},\"children\":[{\"type\":\"row\",\"children\":[{\"type\":\"column\",\"props\":{\"image_position\":\"center-center\",\"position_sticky_breakpoint\":\"m\",\"width_medium\":\"1-1\"},\"children\":[{\"type\":\"headline\",\"props\":{\"animation\":\"parallax\",\"content\":\"Unsere Dienstleistungen lassen <br class=\\\"uk-visible@s\\\" \\\/>nichts zu w\\u00fcnschen \\u00fcbrig.\",\"parallax_breakpoint\":\"m\",\"parallax_easing\":\"1\",\"parallax_y\":\"0,-75\",\"title_element\":\"h1\",\"title_style\":\"heading-medium\",\"visibility\":\"m\"}},{\"type\":\"headline\",\"props\":{\"animation\":\"parallax\",\"content\":\"Unsere Dienstleistungen lassen <br class=\\\"uk-visible@s\\\" \\\/>nichts zu w\\u00fcnschen \\u00fcbrig.\",\"parallax_breakpoint\":\"m\",\"parallax_easing\":\"1\",\"parallax_y\":\"0,-75\",\"title_element\":\"h1\",\"title_style\":\"heading-small\",\"visibility\":\"hidden-m\"}}]}]}]},{\"name\":\"Section Services 2025-07-21\",\"type\":\"section\",\"props\":{\"animation_delay\":false,\"image_position\":\"center-center\",\"padding_remove_bottom\":false,\"padding_remove_top\":false,\"style\":\"muted\",\"title_breakpoint\":\"xl\",\"title_position\":\"top-left\",\"title_rotation\":\"left\",\"vertical_align\":\"\",\"width\":\"xlarge\"},\"children\":[{\"type\":\"row\",\"props\":{\"column_gap\":\"small\",\"margin_remove_bottom\":false,\"margin_remove_top\":false,\"row_gap\":\"small\"},\"children\":[{\"type\":\"column\",\"props\":{\"image_position\":\"center-center\",\"position_sticky_breakpoint\":\"m\",\"vertical_align\":\"middle\"},\"children\":[{\"type\":\"headline\",\"props\":{\"animation\":\"parallax\",\"block_align\":\"center\",\"content\":\"Services\",\"margin\":\"large\",\"maxwidth\":\"large\",\"maxwidth_breakpoint\":\"m\",\"parallax_breakpoint\":\"m\",\"parallax_easing\":\"1\",\"parallax_end\":\"70vh + 70%\",\"parallax_opacity\":\"0.3,1\",\"parallax_y\":\"15,0\",\"text_align\":\"center\",\"text_align_fallback\":\"center\",\"title_color\":\"background\",\"title_element\":\"h3\",\"title_style\":\"heading-large\"},\"name\":\"Services\"},{\"type\":\"gallery\",\"props\":{\"animation\":\"none\",\"filter_align\":\"left\",\"filter_all\":true,\"filter_grid_breakpoint\":\"m\",\"filter_grid_width\":\"auto\",\"filter_position\":\"top\",\"filter_style\":\"tab\",\"grid_column_gap\":\"collapse\",\"grid_default\":\"1\",\"grid_medium\":\"3\",\"grid_row_gap\":\"collapse\",\"grid_small\":\"2\",\"image_height\":850,\"image_transition\":\"scale-up\",\"image_width\":\"850\",\"item_animation\":true,\"lightbox_bg_close\":true,\"link_style\":\"link-text\",\"link_text\":\"mehr ...\",\"margin\":\"\",\"meta_align\":\"below-title\",\"meta_element\":\"div\",\"meta_style\":\"\",\"overlay_hover\":false,\"overlay_link\":true,\"overlay_margin\":\"large\",\"overlay_maxwidth\":\"large\",\"overlay_mode\":\"caption\",\"overlay_padding\":\"large\",\"overlay_position\":\"center\",\"overlay_style\":\"overlay-default\",\"overlay_transition\":\"fade\",\"parallax_easing\":\"1\",\"show_content\":true,\"show_hover_image\":true,\"show_hover_video\":true,\"show_link\":true,\"show_meta\":true,\"show_title\":true,\"text_align\":\"center\",\"text_color\":\"\",\"title_element\":\"h4\",\"title_hover_style\":\"reset\",\"title_style\":\"h2\"},\"children\":[{\"type\":\"gallery_item\",\"props\":{\"content\":\"\n\n<p>Kaufm\\u00e4nnische Software<br \\\/>CRM-\\\/CTI-Systeme<br \\\/>Security-L\\u00f6sungen<br \\\/>Datensicherung<br \\\/>und Archivierung<\\\/p>\",\"image\":\"wp-content\\\/uploads\\\/photo-1584949091882-158ebf933cda-scaled.jpg\",\"link\":\"?page_id=9\",\"title\":\"Software\"}},{\"type\":\"gallery_item\",\"props\":{\"content\":\"\n\n<p>Server und Storage<br \\\/>Netzwerke<br \\\/>PC und Notebooks<br \\\/>IT-Peripherie<br \\\/>drucken - scannen - kopieren<\\\/p>\",\"image\":\"wp-content\\\/uploads\\\/photo-1604754742629-3e5728249d73-scaled.jpg\",\"link\":\"?page_id=9\",\"title\":\"Hardware\"}},{\"type\":\"gallery_item\",\"props\":{\"content\":\"\n\n<p>Beratung und Planung<br \\\/>Verkauf und Reparatur<br \\\/>Wartung und Service<br \\\/>24\\\/7-Service<\\\/p>\",\"image\":\"wp-content\\\/uploads\\\/photo-1551739440-5dd934d3a94a-scaled.jpg\",\"link\":\"?page_id=9\",\"title\":\"IT-Service\"}}]}]}]},{\"type\":\"row\",\"props\":{\"column_gap\":\"small\",\"row_gap\":\"small\",\"status\":\"disabled\"},\"children\":[{\"type\":\"column\",\"props\":{\"image_position\":\"center-center\",\"position_sticky_breakpoint\":\"m\",\"width_medium\":\"1-1\"},\"children\":[{\"type\":\"gallery\",\"props\":{\"animation\":\"none\",\"filter_align\":\"left\",\"filter_all\":true,\"filter_grid_breakpoint\":\"m\",\"filter_grid_width\":\"auto\",\"filter_position\":\"top\",\"filter_style\":\"tab\",\"grid_column_gap\":\"small\",\"grid_default\":\"1\",\"grid_medium\":\"3\",\"grid_row_gap\":\"small\",\"grid_small\":\"2\",\"image_transition\":\"scale-up\",\"image_width\":\"850\",\"item_animation\":true,\"lightbox_bg_close\":true,\"link_style\":\"link-text\",\"link_text\":\"More Details\",\"margin\":\"\",\"meta_align\":\"below-title\",\"meta_element\":\"div\",\"meta_style\":\"\",\"overlay_hover\":false,\"overlay_link\":true,\"overlay_margin\":\"large\",\"overlay_maxwidth\":\"large\",\"overlay_mode\":\"caption\",\"overlay_padding\":\"large\",\"overlay_position\":\"center\",\"overlay_style\":\"overlay-default\",\"overlay_transition\":\"fade\",\"parallax_easing\":\"1\",\"show_content\":true,\"show_hover_image\":true,\"show_hover_video\":true,\"show_link\":true,\"show_meta\":true,\"show_title\":true,\"text_align\":\"center\",\"text_color\":\"\",\"title_element\":\"h4\",\"title_hover_style\":\"reset\",\"title_style\":\"h2\"},\"children\":[{\"type\":\"gallery_item\",\"props\":{\"content\":\"\",\"image\":\"wp-content\\\/uploads\\\/yootheme\\\/home-services-03.jpg\",\"link\":\"?page_id=9\",\"title\":\"Kitchens\"}},{\"type\":\"gallery_item\",\"props\":{\"content\":\"\",\"image\":\"wp-content\\\/uploads\\\/yootheme\\\/home-services-04.jpg\",\"link\":\"?page_id=9\",\"title\":\"Interior Con&shy;struc&shy;tion\"}},{\"type\":\"gallery_item\",\"props\":{\"content\":\"\",\"image\":\"wp-content\\\/uploads\\\/yootheme\\\/home-services-05.jpg\",\"link\":\"?page_id=9\",\"title\":\"Planning & Design\"}}]}]}]}]},{\"name\":\"Services\",\"type\":\"section\",\"props\":{\"animation_delay\":false,\"image_position\":\"center-center\",\"padding\":\"xsmall\",\"padding_remove_bottom\":false,\"padding_remove_top\":false,\"status\":\"disabled\",\"style\":\"default\",\"title_breakpoint\":\"s\",\"title_position\":\"top-right\",\"title_rotation\":\"left\",\"vertical_align\":\"\",\"width\":\"\"},\"children\":[{\"type\":\"row\",\"props\":{\"margin_remove_bottom\":false,\"margin_remove_top\":false},\"children\":[{\"type\":\"column\",\"props\":{\"image_position\":\"center-center\",\"position_sticky_breakpoint\":\"m\",\"width_medium\":\"1-1\"},\"children\":[{\"type\":\"gallery\",\"props\":{\"animation\":\"none\",\"filter_align\":\"left\",\"filter_all\":true,\"filter_grid_breakpoint\":\"m\",\"filter_grid_width\":\"auto\",\"filter_position\":\"top\",\"filter_style\":\"tab\",\"grid_column_gap\":\"small\",\"grid_default\":\"1\",\"grid_medium\":\"3\",\"grid_row_gap\":\"small\",\"grid_small\":\"2\",\"image_transition\":\"scale-up\",\"image_width\":\"850\",\"item_animation\":true,\"lightbox_bg_close\":true,\"link_style\":\"default\",\"link_text\":\"\",\"margin\":\"\",\"meta_align\":\"below-title\",\"meta_element\":\"div\",\"meta_style\":\"\",\"overlay_hover\":false,\"overlay_link\":true,\"overlay_margin\":\"large\",\"overlay_maxwidth\":\"large\",\"overlay_mode\":\"caption\",\"overlay_padding\":\"large\",\"overlay_position\":\"center\",\"overlay_style\":\"overlay-default\",\"overlay_transition\":\"fade\",\"parallax_easing\":\"1\",\"show_content\":true,\"show_hover_image\":true,\"show_hover_video\":true,\"show_link\":true,\"show_meta\":true,\"show_title\":true,\"text_align\":\"center\",\"text_color\":\"\",\"title_element\":\"h2\",\"title_hover_style\":\"reset\"},\"children\":[{\"type\":\"gallery_item\",\"props\":{\"content\":\"<a class=\\\"uk-button uk-button-text\\\">More Details<\\\/a>\",\"image\":\"wp-content\\\/uploads\\\/yootheme\\\/services-01.jpg\",\"link\":\"?page_id=9\",\"title\":\"Planning & Design\"}},{\"type\":\"gallery_item\",\"props\":{\"content\":\"<a class=\\\"uk-button uk-button-text\\\">More Details<\\\/a>\",\"image\":\"wp-content\\\/uploads\\\/yootheme\\\/services-02.jpg\",\"link\":\"?page_id=9\",\"title\":\"Interior Construction\"}},{\"type\":\"gallery_item\",\"props\":{\"content\":\"<a class=\\\"uk-button uk-button-text\\\">More Details<\\\/a>\",\"image\":\"wp-content\\\/uploads\\\/yootheme\\\/services-03.jpg\",\"link\":\"?page_id=9\",\"title\":\"Floors & Walls\"}},{\"type\":\"gallery_item\",\"props\":{\"content\":\"<a class=\\\"uk-button uk-button-text\\\">More Details<\\\/a>\",\"image\":\"wp-content\\\/uploads\\\/yootheme\\\/services-04.jpg\",\"link\":\"?page_id=9\",\"title\":\"Bespoke Kitchens\"}},{\"type\":\"gallery_item\",\"props\":{\"content\":\"<a class=\\\"uk-button uk-button-text\\\">More Details<\\\/a>\",\"image\":\"wp-content\\\/uploads\\\/yootheme\\\/services-05.jpg\",\"link\":\"?page_id=9\",\"title\":\"Bespoke Furniture\"}},{\"type\":\"gallery_item\",\"props\":{\"content\":\"<a class=\\\"uk-button uk-button-text\\\">More Details<\\\/a>\",\"image\":\"wp-content\\\/uploads\\\/yootheme\\\/services-06.jpg\",\"link\":\"?page_id=9\",\"title\":\"Gadgets & Products\"}}]}]}]},{\"type\":\"row\",\"props\":{\"column_gap\":\"small\",\"layout\":\"2-3,1-3\",\"margin_remove_bottom\":false,\"margin_remove_top\":false,\"row_gap\":\"small\"},\"children\":[{\"type\":\"column\",\"props\":{\"image_position\":\"center-center\",\"position_sticky_breakpoint\":\"m\",\"width_medium\":\"2-3\"},\"children\":[{\"type\":\"gallery\",\"props\":{\"animation\":\"none\",\"filter_align\":\"left\",\"filter_all\":true,\"filter_grid_breakpoint\":\"m\",\"filter_grid_width\":\"auto\",\"filter_position\":\"top\",\"filter_style\":\"tab\",\"grid_column_gap\":\"small\",\"grid_default\":\"1\",\"grid_medium\":\"\",\"grid_row_gap\":\"small\",\"grid_small\":\"2\",\"image_transition\":\"scale-up\",\"image_width\":\"850\",\"item_animation\":true,\"lightbox_bg_close\":true,\"link_style\":\"default\",\"link_text\":\"\",\"margin\":\"small\",\"meta_align\":\"below-title\",\"meta_element\":\"div\",\"meta_style\":\"\",\"overlay_hover\":false,\"overlay_link\":true,\"overlay_margin\":\"large\",\"overlay_maxwidth\":\"large\",\"overlay_mode\":\"caption\",\"overlay_padding\":\"large\",\"overlay_position\":\"center\",\"overlay_style\":\"overlay-default\",\"overlay_transition\":\"fade\",\"parallax_easing\":\"1\",\"show_content\":true,\"show_hover_image\":true,\"show_hover_video\":true,\"show_link\":true,\"show_meta\":true,\"show_title\":true,\"text_align\":\"center\",\"text_color\":\"\",\"title_element\":\"h2\",\"title_hover_style\":\"reset\"},\"children\":[{\"type\":\"gallery_item\",\"props\":{\"content\":\"\n\n<p><a class=\\\"uk-button uk-button-text\\\">More Details<\\\/a><\\\/p>\",\"image\":\"wp-content\\\/uploads\\\/yootheme\\\/services-07.jpg\",\"link\":\"?page_id=9\",\"title\":\"Outdoor Furniture\"}},{\"type\":\"gallery_item\",\"props\":{\"content\":\"<a class=\\\"uk-button uk-button-text\\\">More Details<\\\/a>\",\"image\":\"wp-content\\\/uploads\\\/yootheme\\\/services-08.jpg\",\"link\":\"?page_id=9\",\"title\":\"Salesrooms\"}}]}]},{\"type\":\"column\",\"props\":{\"image_position\":\"center-center\",\"position_sticky_breakpoint\":\"m\",\"vertical_align\":\"middle\",\"width_medium\":\"1-3\"},\"children\":[{\"type\":\"headline\",\"props\":{\"animation\":\"parallax\",\"block_align\":\"center\",\"content\":\"Contact Us Directly to Discuss Your Ideas\",\"css\":\"@media (max-width: 1460px)  {\\n\\t.el-element { margin-top: 70px; }\\n}\",\"maxwidth\":\"large\",\"parallax_breakpoint\":\"m\",\"parallax_easing\":\"1\",\"parallax_end\":\"60vh + 60%\",\"parallax_opacity\":\"0.3,1\",\"parallax_y\":\"20,0\",\"text_align\":\"center\",\"title_element\":\"h2\"}},{\"type\":\"button\",\"props\":{\"animation\":\"none\",\"grid_column_gap\":\"\",\"grid_row_gap\":\"\",\"margin\":\"medium\",\"text_align\":\"center\"},\"children\":[{\"type\":\"button_item\",\"props\":{\"button_style\":\"text\",\"content\":\"mail@example.com\",\"dialog_layout\":\"modal\",\"dialog_offcanvas_flip\":true,\"icon_align\":\"left\",\"link\":\"mailto:mail@example.com\"}},{\"type\":\"button_item\",\"props\":{\"button_style\":\"text\",\"content\":\"+555 - 1234678\",\"dialog_layout\":\"modal\",\"dialog_offcanvas_flip\":true,\"icon_align\":\"left\",\"link\":\"tel:+5551234678\"}}]}]}]}]}],\"version\":\"4.5.24\"} --><\/p>\n","protected":false},"excerpt":{"rendered":"<p>Unsere Dienstleistungen lassen nichts zu w\u00fcnschen \u00fcbrig. Unsere Dienstleistungen lassen nichts zu w\u00fcnschen \u00fcbrig. Services Software Kaufm\u00e4nnische SoftwareCRM-\/CTI-SystemeSecurity-L\u00f6sungenDatensicherungund Archivierung mehr &#8230; Hardware Server und StorageNetzwerkePC und NotebooksIT-Peripheriedrucken &#8211; scannen &#8211; kopieren mehr &#8230; IT-Service Beratung und PlanungVerkauf und ReparaturWartung und Service24\/7-Service mehr &#8230;<\/p>\n","protected":false},"author":1,"featured_media":0,"parent":0,"menu_order":2,"comment_status":"closed","ping_status":"closed","template":"","meta":{"_acf_changed":false,"footnotes":""},"class_list":["post-2","page","type-page","status-publish","hentry"],"acf":[],"_links":{"self":[{"href":"https:\/\/www.hartmann-its.zielwasser.design\/index.php?rest_route=\/wp\/v2\/pages\/2","targetHints":{"allow":["GET"]}}],"collection":[{"href":"https:\/\/www.hartmann-its.zielwasser.design\/index.php?rest_route=\/wp\/v2\/pages"}],"about":[{"href":"https:\/\/www.hartmann-its.zielwasser.design\/index.php?rest_route=\/wp\/v2\/types\/page"}],"author":[{"embeddable":true,"href":"https:\/\/www.hartmann-its.zielwasser.design\/index.php?rest_route=\/wp\/v2\/users\/1"}],"replies":[{"embeddable":true,"href":"https:\/\/www.hartmann-its.zielwasser.design\/index.php?rest_route=%2Fwp%2Fv2%2Fcomments&post=2"}],"version-history":[{"count":6,"href":"https:\/\/www.hartmann-its.zielwasser.design\/index.php?rest_route=\/wp\/v2\/pages\/2\/revisions"}],"predecessor-version":[{"id":2464,"href":"https:\/\/www.hartmann-its.zielwasser.design\/index.php?rest_route=\/wp\/v2\/pages\/2\/revisions\/2464"}],"wp:attachment":[{"href":"https:\/\/www.hartmann-its.zielwasser.design\/index.php?rest_route=%2Fwp%2Fv2%2Fmedia&parent=2"}],"curies":[{"name":"wp","href":"https:\/\/api.w.org\/{rel}","templated":true}]}}