{"id":10,"date":"2019-05-09T13:33:08","date_gmt":"2019-05-09T13:33:08","guid":{"rendered":"https:\/\/www.hartmann-its.zielwasser.design\/?page_id=10"},"modified":"2025-07-21T11:21:07","modified_gmt":"2025-07-21T09:21:07","slug":"impressum","status":"publish","type":"page","link":"https:\/\/www.hartmann-its.zielwasser.design\/?page_id=10","title":{"rendered":"Impressum"},"content":{"rendered":"<h1>Impressum<\/h1>\n<div>\n<p><strong>Hartmann IT-Service<\/strong><br \/>Martin Hartmann<br \/>Friederike-Franck-Stra\u00dfe 15\u00a0<br \/>74369 L\u00f6chgau<br \/>Telefon +49(0)7143-402955-0<br \/>USt-IdNr.: DE227787572<\/p>\n<p>Inhaltlich verantwortlich gem. \u00a7 55 II RStV und \u00a7 6 Abs. 2 MDStV: Martin Hartmann, Anschrift wie oben<\/p>\n<p><strong>Urheberrecht<\/strong><br \/>Die durch die Seitenbetreiber erstellten Inhalte und Werke auf diesen Seiten unterliegen dem deutschen Urheberrecht. Beitr\u00e4ge Dritter sind als solche gekennzeichnet. Die Vervielf\u00e4ltigung, Bearbeitung, Verbreitung und jede Art der Verwertung au\u00dferhalb der Grenzen des Urheberrechtes bed\u00fcrfen der schriftlichen Zustimmung des jeweiligen Autors bzw. Erstellers. Downloads und Kopien dieser Seite sind nur f\u00fcr den privaten, nicht kommerziellen Gebrauch gestattet. Die Betreiber der Seiten sind bem\u00fcht, stets die Urheberrechte anderer zu beachten bzw. auf selbst erstellte sowie lizenzfreie Werke zur\u00fcckzugreifen.<\/p>\n<p><strong>Haftungsausschluss<\/strong><br \/>Die Inhalte unserer Seiten wurden mit gr\u00f6\u00dfter Sorgfalt erstellt. F\u00fcr die Richtigkeit, Vollst\u00e4ndigkeit und Aktualit\u00e4t der Inhalte k\u00f6nnen wir jedoch keine Gew\u00e4hr \u00fcbernehmen. Als Diensteanbieter sind wir gem\u00e4\u00df \u00a7 7 Abs.1 TMG f\u00fcr eigene Inhalte auf diesen Seiten nach den allgemeinen Gesetzen verantwortlich. Nach \u00a7\u00a7 8 bis 10 TMG sind wir als Diensteanbieter jedoch nicht verpflichtet, \u00fcbermittelte oder gespeicherte fremde Informationen zu \u00fcberwachen oder nach Umst\u00e4nden zu forschen, die auf eine rechtswidrige T\u00e4tigkeit hinweisen. Verpflichtungen zur Entfernung oder Sperrung der Nutzung von Informationen nach den allgemeinen Gesetzen bleiben hiervon unber\u00fchrt.<\/p>\n<\/div>\n<p><img decoding=\"async\" src=\"\/wp-content\/uploads\/neomorphic-icon-m-laptop.svg\" alt=\"\"><\/p>\n<h2>Suchen Sie etwas Individuelles?<\/h2>\n<p><p>\n        <a href=\"\/?page_id=7\">Kontaktieren Sie uns!<\/a>\n    <\/p>\n<\/p>\n<p><!--more--><br \/>\n<!-- {\"type\":\"layout\",\"children\":[{\"name\":\"Imprint\",\"type\":\"section\",\"props\":{\"image_position\":\"center-center\",\"style\":\"default\",\"title_breakpoint\":\"xl\",\"title_position\":\"top-left\",\"title_rotation\":\"left\",\"vertical_align\":\"\",\"width\":\"\"},\"children\":[{\"type\":\"row\",\"props\":{\"margin\":\"medium\",\"width\":\"small\"},\"children\":[{\"type\":\"column\",\"props\":{\"image_position\":\"center-center\",\"position_sticky_breakpoint\":\"m\",\"width_medium\":\"1-1\"},\"children\":[{\"type\":\"headline\",\"props\":{\"content\":\"Impressum\",\"title_element\":\"h1\",\"title_style\":\"heading-medium\"}}]}]},{\"type\":\"row\",\"children\":[{\"type\":\"column\",\"props\":{\"image_position\":\"center-center\",\"position_sticky_breakpoint\":\"m\"},\"children\":[{\"type\":\"text\",\"props\":{\"column_breakpoint\":\"m\",\"content\":\"\n\n<p><strong>Hartmann IT-Service<\\\/strong><br \\\/>Martin Hartmann<br \\\/>Friederike-Franck-Stra\\u00dfe 15\\u00a0<br \\\/>74369 L\\u00f6chgau<br \\\/>Telefon +49(0)7143-402955-0<br \\\/>USt-IdNr.: DE227787572<\\\/p>\\n\n\n<p>Inhaltlich verantwortlich gem. \\u00a7 55 II RStV und \\u00a7 6 Abs. 2 MDStV: Martin Hartmann, Anschrift wie oben<\\\/p>\\n\n\n<p><strong>Urheberrecht<\\\/strong><br \\\/>Die durch die Seitenbetreiber erstellten Inhalte und Werke auf diesen Seiten unterliegen dem deutschen Urheberrecht. Beitr\\u00e4ge Dritter sind als solche gekennzeichnet. Die Vervielf\\u00e4ltigung, Bearbeitung, Verbreitung und jede Art der Verwertung au\\u00dferhalb der Grenzen des Urheberrechtes bed\\u00fcrfen der schriftlichen Zustimmung des jeweiligen Autors bzw. Erstellers. Downloads und Kopien dieser Seite sind nur f\\u00fcr den privaten, nicht kommerziellen Gebrauch gestattet. Die Betreiber der Seiten sind bem\\u00fcht, stets die Urheberrechte anderer zu beachten bzw. auf selbst erstellte sowie lizenzfreie Werke zur\\u00fcckzugreifen.<\\\/p>\\n\n\n<p><strong>Haftungsausschluss<\\\/strong><br \\\/>Die Inhalte unserer Seiten wurden mit gr\\u00f6\\u00dfter Sorgfalt erstellt. F\\u00fcr die Richtigkeit, Vollst\\u00e4ndigkeit und Aktualit\\u00e4t der Inhalte k\\u00f6nnen wir jedoch keine Gew\\u00e4hr \\u00fcbernehmen. Als Diensteanbieter sind wir gem\\u00e4\\u00df \\u00a7 7 Abs.1 TMG f\\u00fcr eigene Inhalte auf diesen Seiten nach den allgemeinen Gesetzen verantwortlich. Nach \\u00a7\\u00a7 8 bis 10 TMG sind wir als Diensteanbieter jedoch nicht verpflichtet, \\u00fcbermittelte oder gespeicherte fremde Informationen zu \\u00fcberwachen oder nach Umst\\u00e4nden zu forschen, die auf eine rechtswidrige T\\u00e4tigkeit hinweisen. Verpflichtungen zur Entfernung oder Sperrung der Nutzung von Informationen nach den allgemeinen Gesetzen bleiben hiervon unber\\u00fchrt.<\\\/p>\",\"margin\":\"\"}}]}],\"props\":{\"width\":\"small\"}},{\"type\":\"row\",\"props\":{\"layout\":\"1-3,2-3\",\"status\":\"disabled\",\"width\":\"small\"},\"children\":[{\"type\":\"column\",\"props\":{\"image_position\":\"center-center\",\"position_sticky_breakpoint\":\"m\",\"width_small\":\"1-3\"},\"children\":[{\"type\":\"list\",\"props\":{\"column_breakpoint\":\"m\",\"image_align\":\"left\",\"image_svg_color\":\"emphasis\",\"image_vertical_align\":true,\"list_element\":\"ul\",\"list_horizontal_separator\":\", \",\"list_type\":\"vertical\",\"show_image\":true,\"show_link\":true},\"children\":[{\"type\":\"list_item\",\"props\":{\"content\":\"<strong>Hartmann IT-Service<\\\/strong>\"}},{\"type\":\"list_item\",\"props\":{\"content\":\"Friederike-Franck-Stra\\u00dfe 15\"}},{\"type\":\"list_item\",\"props\":{\"content\":\"74369 L\\u00f6chgau\"}}]}]},{\"type\":\"column\",\"props\":{\"image_position\":\"center-center\",\"position_sticky_breakpoint\":\"m\",\"width_small\":\"2-3\"},\"children\":[{\"type\":\"description_list\",\"props\":{\"column_breakpoint\":\"m\",\"layout\":\"grid-2\",\"link_style\":\"reset\",\"list_element\":\"ul\",\"meta_align\":\"below-content\",\"meta_style\":\"\",\"show_content\":true,\"show_link\":true,\"show_meta\":true,\"show_title\":true,\"title_element\":\"div\",\"title_grid_column_gap\":\"small\",\"title_grid_row_gap\":\"small\",\"title_grid_width\":\"small\"},\"children\":[{\"type\":\"description_list_item\",\"props\":{\"content\":\"\n\n<p><a href=\\\"tel:+4971434029550\\\">+49(0)7143-402955-0<\\\/a><\\\/p>\",\"link\":\"tel:+5551234678\",\"meta\":\"\",\"title\":\"Telefon\"}},{\"type\":\"description_list_item\",\"props\":{\"content\":\"+555 - 1234678\",\"link\":\"tel:+5551234678\",\"meta\":\"\",\"title\":\"Fax\"}},{\"type\":\"description_list_item\",\"props\":{\"content\":\"contact@example.com\",\"link\":\"mailto:contact@example.com\",\"meta\":\"\",\"title\":\"E-Mail\"}},{\"type\":\"description_list_item\",\"props\":{\"content\":\"www.example.com\",\"link\":\"http:\\\/\\\/example.com\\\/\",\"link_target\":true,\"meta\":\"\",\"title\":\"Website\"}}]}]}]}]},{\"name\":\"Hero\",\"type\":\"section\",\"props\":{\"height_viewport\":600,\"image_position\":\"center-center\",\"padding_remove_top\":true,\"status\":\"disabled\",\"style\":\"default\",\"title_breakpoint\":\"xl\",\"title_position\":\"top-left\",\"title_rotation\":\"left\",\"vertical_align\":\"\",\"width\":\"\"},\"children\":[{\"type\":\"row\",\"children\":[{\"type\":\"column\",\"props\":{\"image_position\":\"center-center\",\"position_sticky_breakpoint\":\"m\",\"width_medium\":\"1-1\"},\"children\":[{\"type\":\"image\",\"props\":{\"image\":\"wp-content\\\/uploads\\\/yootheme\\\/about-us-bg.jpg\",\"image_loading\":true,\"image_svg_color\":\"emphasis\",\"image_width\":\"2560\",\"margin\":\"\"}}]}]}]},{\"name\":\"Call to Action\",\"type\":\"section\",\"props\":{\"image\":\"wp-content\\\/uploads\\\/photo-1592659762303-90081d34b277-scaled.jpg\",\"image_position\":\"center-center\",\"padding_remove_bottom\":false,\"padding_remove_top\":false,\"style\":\"default\",\"text_color\":\"light\",\"title_breakpoint\":\"xl\",\"title_position\":\"top-left\",\"title_rotation\":\"left\",\"vertical_align\":\"\",\"width\":\"xlarge\"},\"children\":[{\"type\":\"row\",\"children\":[{\"type\":\"column\",\"props\":{\"image_position\":\"center-center\",\"image_size\":\"cover\",\"image_width\":\"1600\",\"padding\":\"large\",\"position_sticky_breakpoint\":\"m\",\"text_color\":\"light\",\"vertical_align\":\"middle\",\"width_medium\":\"1-1\"},\"children\":[{\"type\":\"image\",\"props\":{\"image\":\"wp-content\\\/uploads\\\/neomorphic-icon-m-laptop.svg\",\"image_svg_color\":\"emphasis\",\"image_svg_inline\":true,\"margin\":\"default\",\"text_align\":\"center\"}},{\"type\":\"headline\",\"props\":{\"content\":\"Suchen Sie etwas Individuelles?\",\"margin\":\"default\",\"text_align\":\"center\",\"title_element\":\"h2\",\"title_style\":\"heading-small\"}},{\"type\":\"button\",\"props\":{\"button_size\":\"large\",\"fullwidth\":false,\"grid_column_gap\":\"\",\"grid_row_gap\":\"\",\"margin\":\"large\",\"margin_remove_bottom\":false,\"text_align\":\"center\"},\"children\":[{\"type\":\"button_item\",\"props\":{\"button_style\":\"default\",\"content\":\"Kontaktieren Sie uns!\",\"dialog_layout\":\"modal\",\"dialog_offcanvas_flip\":true,\"icon_align\":\"left\",\"link\":\"?page_id=7\"}}]}]}]}]}],\"version\":\"4.5.24\"} --><\/p>\n","protected":false},"excerpt":{"rendered":"<p>Impressum Hartmann IT-ServiceMartin HartmannFriederike-Franck-Stra\u00dfe 15\u00a074369 L\u00f6chgauTelefon +49(0)7143-402955-0USt-IdNr.: DE227787572 Inhaltlich verantwortlich gem. \u00a7 55 II RStV und \u00a7 6 Abs. 2 MDStV: Martin Hartmann, Anschrift wie oben UrheberrechtDie durch die Seitenbetreiber erstellten Inhalte und Werke auf diesen Seiten unterliegen dem deutschen Urheberrecht. Beitr\u00e4ge Dritter sind als solche gekennzeichnet. Die Vervielf\u00e4ltigung, Bearbeitung, Verbreitung und jede Art der [&hellip;]<\/p>\n","protected":false},"author":1,"featured_media":0,"parent":7,"menu_order":2,"comment_status":"closed","ping_status":"closed","template":"","meta":{"_acf_changed":false,"footnotes":""},"class_list":["post-10","page","type-page","status-publish","hentry"],"acf":[],"_links":{"self":[{"href":"https:\/\/www.hartmann-its.zielwasser.design\/index.php?rest_route=\/wp\/v2\/pages\/10","targetHints":{"allow":["GET"]}}],"collection":[{"href":"https:\/\/www.hartmann-its.zielwasser.design\/index.php?rest_route=\/wp\/v2\/pages"}],"about":[{"href":"https:\/\/www.hartmann-its.zielwasser.design\/index.php?rest_route=\/wp\/v2\/types\/page"}],"author":[{"embeddable":true,"href":"https:\/\/www.hartmann-its.zielwasser.design\/index.php?rest_route=\/wp\/v2\/users\/1"}],"replies":[{"embeddable":true,"href":"https:\/\/www.hartmann-its.zielwasser.design\/index.php?rest_route=%2Fwp%2Fv2%2Fcomments&post=10"}],"version-history":[{"count":21,"href":"https:\/\/www.hartmann-its.zielwasser.design\/index.php?rest_route=\/wp\/v2\/pages\/10\/revisions"}],"predecessor-version":[{"id":2411,"href":"https:\/\/www.hartmann-its.zielwasser.design\/index.php?rest_route=\/wp\/v2\/pages\/10\/revisions\/2411"}],"up":[{"embeddable":true,"href":"https:\/\/www.hartmann-its.zielwasser.design\/index.php?rest_route=\/wp\/v2\/pages\/7"}],"wp:attachment":[{"href":"https:\/\/www.hartmann-its.zielwasser.design\/index.php?rest_route=%2Fwp%2Fv2%2Fmedia&parent=10"}],"curies":[{"name":"wp","href":"https:\/\/api.w.org\/{rel}","templated":true}]}}